{"id":135,"date":"2019-11-23T17:25:17","date_gmt":"2019-11-23T20:25:17","guid":{"rendered":"https:\/\/www.wctowers.com.br?page_id=135"},"modified":"2020-10-08T10:05:39","modified_gmt":"2020-10-08T13:05:39","slug":"quem-somos","status":"publish","type":"page","link":"https:\/\/wctowers.com.br\/index.php\/quem-somos\/","title":{"rendered":"Quem Somos"},"content":{"rendered":"\t\t<div data-elementor-type=\"wp-page\" data-elementor-id=\"135\" class=\"elementor elementor-135\" data-elementor-settings=\"[]\">\n\t\t\t<div class=\"elementor-inner\">\n\t\t\t\t<div class=\"elementor-section-wrap\">\n\t\t\t\t\t\t\t<section class=\"elementor-element elementor-element-66d75ad6 elementor-section-height-min-height elementor-section-stretched elementor-section-boxed elementor-section-height-default elementor-section-items-middle elementor-section elementor-top-section\" data-id=\"66d75ad6\" data-element_type=\"section\" data-settings=\"{&quot;background_background&quot;:&quot;classic&quot;,&quot;stretch_section&quot;:&quot;section-stretched&quot;}\">\n\t\t\t\t\t\t<div class=\"elementor-container elementor-column-gap-default\">\n\t\t\t\t<div class=\"elementor-row\">\n\t\t\t\t<div class=\"elementor-element elementor-element-67b4c979 elementor-column elementor-col-100 elementor-top-column\" data-id=\"67b4c979\" data-element_type=\"column\">\n\t\t\t<div class=\"elementor-column-wrap  elementor-element-populated\">\n\t\t\t\t\t<div class=\"elementor-widget-wrap\">\n\t\t\t\t<section class=\"elementor-element elementor-element-12e846c4 elementor-reverse-mobile elementor-section-boxed elementor-section-height-default elementor-section-height-default elementor-section elementor-inner-section\" data-id=\"12e846c4\" data-element_type=\"section\" data-settings=\"{&quot;background_background&quot;:&quot;classic&quot;}\">\n\t\t\t\t\t\t<div class=\"elementor-container elementor-column-gap-default\">\n\t\t\t\t<div class=\"elementor-row\">\n\t\t\t\t<div class=\"elementor-element elementor-element-599c8f80 elementor-column elementor-col-100 elementor-inner-column\" data-id=\"599c8f80\" data-element_type=\"column\" data-settings=\"{&quot;background_background&quot;:&quot;classic&quot;}\">\n\t\t\t<div class=\"elementor-column-wrap  elementor-element-populated\">\n\t\t\t\t\t<div class=\"elementor-widget-wrap\">\n\t\t\t\t<div class=\"elementor-element elementor-element-36c23a90 elementor-widget elementor-widget-heading\" data-id=\"36c23a90\" data-element_type=\"widget\" data-widget_type=\"heading.default\">\n\t\t\t\t<div class=\"elementor-widget-container\">\n\t\t\t<h2 class=\"elementor-heading-title elementor-size-default\">Quem somos<\/h2>\t\t<\/div>\n\t\t\t\t<\/div>\n\t\t\t\t<div class=\"elementor-element elementor-element-12395b7d elementor-widget elementor-widget-divider\" data-id=\"12395b7d\" data-element_type=\"widget\" data-widget_type=\"divider.default\">\n\t\t\t\t<div class=\"elementor-widget-container\">\n\t\t\t\t\t<div class=\"elementor-divider\">\n\t\t\t<span class=\"elementor-divider-separator\">\n\t\t\t\t\t\t<\/span>\n\t\t<\/div>\n\t\t\t\t<\/div>\n\t\t\t\t<\/div>\n\t\t\t\t<div class=\"elementor-element elementor-element-4fd6a71 elementor-widget elementor-widget-heading\" data-id=\"4fd6a71\" data-element_type=\"widget\" data-widget_type=\"heading.default\">\n\t\t\t\t<div class=\"elementor-widget-container\">\n\t\t\t<h2 class=\"elementor-heading-title elementor-size-default\">wc towers<\/h2>\t\t<\/div>\n\t\t\t\t<\/div>\n\t\t\t\t<div class=\"elementor-element elementor-element-40681b6 elementor-widget elementor-widget-text-editor\" data-id=\"40681b6\" data-element_type=\"widget\" data-widget_type=\"text-editor.default\">\n\t\t\t\t<div class=\"elementor-widget-container\">\n\t\t\t\t\t<div class=\"elementor-text-editor elementor-clearfix\"><p class=\"western\" align=\"justify\"><span style=\"font-family: Calibri, serif;\"><span style=\"font-family: Times New Roman, serif;\">A <\/span><span style=\"font-family: Times New Roman, serif;\"><b>WCTowers<\/b><\/span><span style=\"font-family: Times New Roman, serif;\"> surge no segmento de Refrigera\u00e7\u00e3o de \u00e1gua ap\u00f3s uma parceria de seus gestores que possui um longo caminho no ramo de Torres de Resfriamento de \u00c1gua, pois atuam no mercado a mais de 20 anos e trazem consigo grandes experi\u00eancias de empresa precursoras no segmento e orgulha-se em poder apresentar mais uma nova op\u00e7\u00e3o nesse segmento, por\u00e9m vindo com ideias inovadoras e sempre buscando solu\u00e7\u00f5es r\u00e1pidas e eficaz para atend\u00ea-los com a m\u00e1xima qualidade poss\u00edvel.<\/span><\/span><\/p><p class=\"western\"><span style=\"font-family: Calibri, serif;\"><span style=\"font-family: Times New Roman, serif;\">Por isso a <strong>WCTowers<\/strong> est\u00e1 apresentando o que h\u00e1 de mais inovador, estamos trabalhando com o fornecimento de <\/span><span style=\"font-family: Times New Roman, serif;\"><b>Alugueis de Torres de Resfriamento<\/b><\/span><span style=\"font-family: Times New Roman, serif;\"> para situa\u00e7\u00f5es emergenciais a longo ou curto prazo e com a m\u00e1xima qualidade esperada.<\/span><\/span><\/p><\/div>\n\t\t\t\t<\/div>\n\t\t\t\t<\/div>\n\t\t\t\t\t\t<\/div>\n\t\t\t<\/div>\n\t\t<\/div>\n\t\t\t\t\t\t<\/div>\n\t\t\t<\/div>\n\t\t<\/section>\n\t\t\t\t<section class=\"elementor-element elementor-element-1ebff737 elementor-reverse-mobile elementor-section-boxed elementor-section-height-default elementor-section-height-default elementor-section elementor-inner-section\" data-id=\"1ebff737\" data-element_type=\"section\" data-settings=\"{&quot;background_background&quot;:&quot;classic&quot;}\">\n\t\t\t\t\t\t<div class=\"elementor-container elementor-column-gap-default\">\n\t\t\t\t<div class=\"elementor-row\">\n\t\t\t\t<div class=\"elementor-element elementor-element-506afedf elementor-column elementor-col-50 elementor-inner-column\" data-id=\"506afedf\" data-element_type=\"column\">\n\t\t\t<div class=\"elementor-column-wrap  elementor-element-populated\">\n\t\t\t\t\t<div class=\"elementor-widget-wrap\">\n\t\t\t\t<div class=\"elementor-element elementor-element-63365954 elementor-position-top elementor-vertical-align-top elementor-invisible elementor-widget elementor-widget-image-box\" data-id=\"63365954\" data-element_type=\"widget\" data-settings=\"{&quot;_animation&quot;:&quot;fadeInLeft&quot;}\" data-widget_type=\"image-box.default\">\n\t\t\t\t<div class=\"elementor-widget-container\">\n\t\t\t<div class=\"elementor-image-box-wrapper\"><div class=\"elementor-image-box-content\"><h3 class=\"elementor-image-box-title\">Torres de Resfriamento<\/h3><p class=\"elementor-image-box-description\">Buscando solu\u00e7\u00f5es mais r\u00e1pidas e eficazes que atendem as necessidades do mercado, a Wctowers esta apresentando o que h\u00e1 de mais inovador, trabalhando com o fornecimento de Alugueis de Torres de Resfriamento para  situa\u00e7\u00f5es emergenciais a longo ou curto prazo e com a m\u00e1xima qualidade.<\/p><\/div><\/div>\t\t<\/div>\n\t\t\t\t<\/div>\n\t\t\t\t<div class=\"elementor-element elementor-element-9ce9249 elementor-invisible elementor-widget elementor-widget-image\" data-id=\"9ce9249\" data-element_type=\"widget\" data-settings=\"{&quot;_animation&quot;:&quot;fadeInUp&quot;}\" data-widget_type=\"image.default\">\n\t\t\t\t<div class=\"elementor-widget-container\">\n\t\t\t\t\t<div class=\"elementor-image\">\n\t\t\t\t\t\t\t\t\t\t<img width=\"337\" height=\"600\" src=\"https:\/\/wctowers.com.br\/wp-content\/uploads\/2019\/11\/quemsomos2.jpg\" class=\"attachment-woocommerce_thumbnail size-woocommerce_thumbnail\" alt=\"\" loading=\"lazy\" srcset=\"https:\/\/wctowers.com.br\/wp-content\/uploads\/2019\/11\/quemsomos2.jpg 337w, https:\/\/wctowers.com.br\/wp-content\/uploads\/2019\/11\/quemsomos2-169x300.jpg 169w\" sizes=\"(max-width: 337px) 100vw, 337px\" \/>\t\t\t\t\t\t\t\t\t\t\t<\/div>\n\t\t\t\t<\/div>\n\t\t\t\t<\/div>\n\t\t\t\t\t\t<\/div>\n\t\t\t<\/div>\n\t\t<\/div>\n\t\t\t\t<div class=\"elementor-element elementor-element-7d3001f8 elementor-column elementor-col-50 elementor-inner-column\" data-id=\"7d3001f8\" data-element_type=\"column\">\n\t\t\t<div class=\"elementor-column-wrap  elementor-element-populated\">\n\t\t\t\t\t<div class=\"elementor-widget-wrap\">\n\t\t\t\t<div class=\"elementor-element elementor-element-53ec0772 elementor-invisible elementor-widget elementor-widget-image\" data-id=\"53ec0772\" data-element_type=\"widget\" data-settings=\"{&quot;_animation&quot;:&quot;fadeInDown&quot;}\" data-widget_type=\"image.default\">\n\t\t\t\t<div class=\"elementor-widget-container\">\n\t\t\t\t\t<div class=\"elementor-image\">\n\t\t\t\t\t\t\t\t\t\t<img width=\"600\" height=\"385\" src=\"https:\/\/wctowers.com.br\/wp-content\/uploads\/2019\/11\/quemsomos1.jpg\" class=\"attachment-woocommerce_thumbnail size-woocommerce_thumbnail\" alt=\"\" loading=\"lazy\" srcset=\"https:\/\/wctowers.com.br\/wp-content\/uploads\/2019\/11\/quemsomos1.jpg 600w, https:\/\/wctowers.com.br\/wp-content\/uploads\/2019\/11\/quemsomos1-300x193.jpg 300w\" sizes=\"(max-width: 600px) 100vw, 600px\" \/>\t\t\t\t\t\t\t\t\t\t\t<\/div>\n\t\t\t\t<\/div>\n\t\t\t\t<\/div>\n\t\t\t\t<div class=\"elementor-element elementor-element-2626da94 elementor-position-top elementor-vertical-align-top elementor-invisible elementor-widget elementor-widget-image-box\" data-id=\"2626da94\" data-element_type=\"widget\" data-settings=\"{&quot;_animation&quot;:&quot;fadeInRight&quot;}\" data-widget_type=\"image-box.default\">\n\t\t\t\t<div class=\"elementor-widget-container\">\n\t\t\t<div class=\"elementor-image-box-wrapper\"><div class=\"elementor-image-box-content\"><h3 class=\"elementor-image-box-title\">Somos especialistas<\/h3><p class=\"elementor-image-box-description\">A empresa possui em seu corpo t\u00e9cnico, profissionais altamente qualificados, e contamos com pessoas que atuam no mercado a mais 20 anos e que trazem consigo grandes experi\u00eancias de empresas precursoras no seguimento.<\/p><\/div><\/div>\t\t<\/div>\n\t\t\t\t<\/div>\n\t\t\t\t\t\t<\/div>\n\t\t\t<\/div>\n\t\t<\/div>\n\t\t\t\t\t\t<\/div>\n\t\t\t<\/div>\n\t\t<\/section>\n\t\t\t\t<section class=\"elementor-element elementor-element-4871fdb elementor-reverse-mobile elementor-section-boxed elementor-section-height-default elementor-section-height-default elementor-section elementor-inner-section\" data-id=\"4871fdb\" data-element_type=\"section\" data-settings=\"{&quot;background_background&quot;:&quot;classic&quot;}\">\n\t\t\t\t\t\t<div class=\"elementor-container elementor-column-gap-default\">\n\t\t\t\t<div class=\"elementor-row\">\n\t\t\t\t<div class=\"elementor-element elementor-element-e0366a5 elementor-column elementor-col-100 elementor-inner-column\" data-id=\"e0366a5\" data-element_type=\"column\">\n\t\t\t<div class=\"elementor-column-wrap  elementor-element-populated\">\n\t\t\t\t\t<div class=\"elementor-widget-wrap\">\n\t\t\t\t<div class=\"elementor-element elementor-element-fc3be75 elementor-position-top elementor-vertical-align-top elementor-invisible elementor-widget elementor-widget-image-box\" data-id=\"fc3be75\" data-element_type=\"widget\" data-settings=\"{&quot;_animation&quot;:&quot;fadeInLeft&quot;}\" data-widget_type=\"image-box.default\">\n\t\t\t\t<div class=\"elementor-widget-container\">\n\t\t\t<div class=\"elementor-image-box-wrapper\"><div class=\"elementor-image-box-content\"><h3 class=\"elementor-image-box-title\">Nosso Objetivo<\/h3><p class=\"elementor-image-box-description\">Proporcionar ao cliente o conforto e tranquilidade de poder contar com uma equipe de profissionais qualificados, para atender as necessidades t\u00e9cnicas e comerciais, trazendo solu\u00e7\u00f5es e os melhores equipamentos de \nTorres de Resfriamento.<\/p><\/div><\/div>\t\t<\/div>\n\t\t\t\t<\/div>\n\t\t\t\t\t\t<\/div>\n\t\t\t<\/div>\n\t\t<\/div>\n\t\t\t\t\t\t<\/div>\n\t\t\t<\/div>\n\t\t<\/section>\n\t\t\t\t<section class=\"elementor-element elementor-element-b41c5ee elementor-reverse-mobile elementor-section-boxed elementor-section-height-default elementor-section-height-default elementor-section elementor-inner-section\" data-id=\"b41c5ee\" data-element_type=\"section\" data-settings=\"{&quot;background_background&quot;:&quot;classic&quot;}\">\n\t\t\t\t\t\t<div class=\"elementor-container elementor-column-gap-default\">\n\t\t\t\t<div class=\"elementor-row\">\n\t\t\t\t<div class=\"elementor-element elementor-element-1a33338 elementor-column elementor-col-33 elementor-inner-column\" data-id=\"1a33338\" data-element_type=\"column\">\n\t\t\t<div class=\"elementor-column-wrap  elementor-element-populated\">\n\t\t\t\t\t<div class=\"elementor-widget-wrap\">\n\t\t\t\t<div class=\"elementor-element elementor-element-de140c0 elementor-position-top elementor-vertical-align-top elementor-invisible elementor-widget elementor-widget-image-box\" data-id=\"de140c0\" data-element_type=\"widget\" data-settings=\"{&quot;_animation&quot;:&quot;fadeInLeft&quot;}\" data-widget_type=\"image-box.default\">\n\t\t\t\t<div class=\"elementor-widget-container\">\n\t\t\t<div class=\"elementor-image-box-wrapper\"><div class=\"elementor-image-box-content\"><h3 class=\"elementor-image-box-title\">Miss\u00e3o<\/h3><p class=\"elementor-image-box-description\">Atender seus clientes, fornecendo de Torres de Resfriamento com alto performance com qualidade e custo-benef\u00edcio garantidos, com o comprometimento de parcerias duradoura e atendimento diferenciado para cada cliente ou situa\u00e7\u00f5es.<\/p><\/div><\/div>\t\t<\/div>\n\t\t\t\t<\/div>\n\t\t\t\t\t\t<\/div>\n\t\t\t<\/div>\n\t\t<\/div>\n\t\t\t\t<div class=\"elementor-element elementor-element-4bdb7aa elementor-column elementor-col-33 elementor-inner-column\" data-id=\"4bdb7aa\" data-element_type=\"column\">\n\t\t\t<div class=\"elementor-column-wrap  elementor-element-populated\">\n\t\t\t\t\t<div class=\"elementor-widget-wrap\">\n\t\t\t\t<div class=\"elementor-element elementor-element-4445ae5 elementor-position-top elementor-vertical-align-top elementor-invisible elementor-widget elementor-widget-image-box\" data-id=\"4445ae5\" data-element_type=\"widget\" data-settings=\"{&quot;_animation&quot;:&quot;fadeInLeft&quot;}\" data-widget_type=\"image-box.default\">\n\t\t\t\t<div class=\"elementor-widget-container\">\n\t\t\t<div class=\"elementor-image-box-wrapper\"><div class=\"elementor-image-box-content\"><h3 class=\"elementor-image-box-title\">Vis\u00e3o<\/h3><p class=\"elementor-image-box-description\">Ser uma empresa renomada no mercado interno e externo, pela qualidade nos produtos e servi\u00e7os oferecidos. <\/p><\/div><\/div>\t\t<\/div>\n\t\t\t\t<\/div>\n\t\t\t\t\t\t<\/div>\n\t\t\t<\/div>\n\t\t<\/div>\n\t\t\t\t<div class=\"elementor-element elementor-element-09cfe8d elementor-column elementor-col-33 elementor-inner-column\" data-id=\"09cfe8d\" data-element_type=\"column\">\n\t\t\t<div class=\"elementor-column-wrap  elementor-element-populated\">\n\t\t\t\t\t<div class=\"elementor-widget-wrap\">\n\t\t\t\t<div class=\"elementor-element elementor-element-26a8e90 elementor-position-top elementor-vertical-align-top elementor-invisible elementor-widget elementor-widget-image-box\" data-id=\"26a8e90\" data-element_type=\"widget\" data-settings=\"{&quot;_animation&quot;:&quot;fadeInRight&quot;}\" data-widget_type=\"image-box.default\">\n\t\t\t\t<div class=\"elementor-widget-container\">\n\t\t\t<div class=\"elementor-image-box-wrapper\"><div class=\"elementor-image-box-content\"><h3 class=\"elementor-image-box-title\">Valores<\/h3><p class=\"elementor-image-box-description\"><ul style=\"text-align:left;color:black;\">\n    \u2022 Agir com \u00e9tica, respeito e sempre pensar no pr\u00f3ximo<br>\n    \u2022 Qualidade em seus produtos e servi\u00e7os<br>\n    \u2022 Pontualidade na entrega<br>\n    \u2022 Tratar com transparecia os clientes como ele gostaria de ser tratado<br>\n    \u2022 Relacionar-se com as pessoas de forma autentica e verdadeira<br>\n    \u2022 Respeito ao meio ambiente<br>\n    \u2022 Investimento em tecnologias e solu\u00e7\u00f5es diferenciadas<br>\n\u2022  Gratid\u00e3o pelas conquistas que constru\u00edmos juntos.<\/p><\/div><\/div>\t\t<\/div>\n\t\t\t\t<\/div>\n\t\t\t\t\t\t<\/div>\n\t\t\t<\/div>\n\t\t<\/div>\n\t\t\t\t\t\t<\/div>\n\t\t\t<\/div>\n\t\t<\/section>\n\t\t\t\t\t\t<\/div>\n\t\t\t<\/div>\n\t\t<\/div>\n\t\t\t\t\t\t<\/div>\n\t\t\t<\/div>\n\t\t<\/section>\n\t\t\t\t\t\t<\/div>\n\t\t\t<\/div>\n\t\t<\/div>\n\t\t","protected":false},"excerpt":{"rendered":"<p>Quem somos wc towers A WCTowers surge no segmento de Refrigera\u00e7\u00e3o de \u00e1gua ap\u00f3s uma parceria de seus gestores que possui um longo caminho no ramo de Torres de Resfriamento de \u00c1gua, pois atuam no mercado a mais de 20 anos e trazem consigo grandes experi\u00eancias de empresa precursoras no segmento e orgulha-se em poder [&hellip;]<\/p>\n","protected":false},"author":1,"featured_media":0,"parent":0,"menu_order":0,"comment_status":"closed","ping_status":"closed","template":"","meta":[],"_links":{"self":[{"href":"https:\/\/wctowers.com.br\/index.php\/wp-json\/wp\/v2\/pages\/135"}],"collection":[{"href":"https:\/\/wctowers.com.br\/index.php\/wp-json\/wp\/v2\/pages"}],"about":[{"href":"https:\/\/wctowers.com.br\/index.php\/wp-json\/wp\/v2\/types\/page"}],"author":[{"embeddable":true,"href":"https:\/\/wctowers.com.br\/index.php\/wp-json\/wp\/v2\/users\/1"}],"replies":[{"embeddable":true,"href":"https:\/\/wctowers.com.br\/index.php\/wp-json\/wp\/v2\/comments?post=135"}],"version-history":[{"count":23,"href":"https:\/\/wctowers.com.br\/index.php\/wp-json\/wp\/v2\/pages\/135\/revisions"}],"predecessor-version":[{"id":484,"href":"https:\/\/wctowers.com.br\/index.php\/wp-json\/wp\/v2\/pages\/135\/revisions\/484"}],"wp:attachment":[{"href":"https:\/\/wctowers.com.br\/index.php\/wp-json\/wp\/v2\/media?parent=135"}],"curies":[{"name":"wp","href":"https:\/\/api.w.org\/{rel}","templated":true}]}}