{"id":275,"date":"2019-11-26T14:00:12","date_gmt":"2019-11-26T17:00:12","guid":{"rendered":"https:\/\/www.wctowers.com.br?page_id=275"},"modified":"2019-12-05T12:36:27","modified_gmt":"2019-12-05T15:36:27","slug":"locacao","status":"publish","type":"page","link":"https:\/\/wctowers.com.br\/index.php\/locacao\/","title":{"rendered":"Loca\u00e7\u00e3o"},"content":{"rendered":"\t\t<div data-elementor-type=\"wp-page\" data-elementor-id=\"275\" class=\"elementor elementor-275\" data-elementor-settings=\"[]\">\n\t\t\t<div class=\"elementor-inner\">\n\t\t\t\t<div class=\"elementor-section-wrap\">\n\t\t\t\t\t\t\t<section class=\"elementor-element elementor-element-f934fc1 elementor-section-stretched elementor-section-full_width elementor-section-height-min-height elementor-section-content-middle elementor-section-height-default elementor-section-items-middle elementor-section elementor-top-section\" data-id=\"f934fc1\" data-element_type=\"section\" data-settings=\"{&quot;stretch_section&quot;:&quot;section-stretched&quot;,&quot;background_background&quot;:&quot;classic&quot;}\">\n\t\t\t\t\t\t<div class=\"elementor-container elementor-column-gap-default\">\n\t\t\t\t<div class=\"elementor-row\">\n\t\t\t\t<div class=\"elementor-element elementor-element-0aa05ed elementor-column elementor-col-33 elementor-top-column\" data-id=\"0aa05ed\" data-element_type=\"column\">\n\t\t\t<div class=\"elementor-column-wrap  elementor-element-populated\">\n\t\t\t\t\t<div class=\"elementor-widget-wrap\">\n\t\t\t\t<div class=\"elementor-element elementor-element-e1598ec elementor-widget elementor-widget-image\" data-id=\"e1598ec\" data-element_type=\"widget\" data-widget_type=\"image.default\">\n\t\t\t\t<div class=\"elementor-widget-container\">\n\t\t\t\t\t<div class=\"elementor-image\">\n\t\t\t\t\t\t\t\t\t\t<img width=\"424\" height=\"600\" src=\"https:\/\/wctowers.com.br\/wp-content\/uploads\/2019\/11\/loc1.jpg\" class=\"attachment-woocommerce_thumbnail size-woocommerce_thumbnail\" alt=\"\" loading=\"lazy\" srcset=\"https:\/\/wctowers.com.br\/wp-content\/uploads\/2019\/11\/loc1.jpg 424w, https:\/\/wctowers.com.br\/wp-content\/uploads\/2019\/11\/loc1-212x300.jpg 212w\" sizes=\"(max-width: 424px) 100vw, 424px\" \/>\t\t\t\t\t\t\t\t\t\t\t<\/div>\n\t\t\t\t<\/div>\n\t\t\t\t<\/div>\n\t\t\t\t\t\t<\/div>\n\t\t\t<\/div>\n\t\t<\/div>\n\t\t\t\t<div class=\"elementor-element elementor-element-4f2cdfb elementor-column elementor-col-33 elementor-top-column\" data-id=\"4f2cdfb\" data-element_type=\"column\">\n\t\t\t<div class=\"elementor-column-wrap  elementor-element-populated\">\n\t\t\t\t\t<div class=\"elementor-widget-wrap\">\n\t\t\t\t<div class=\"elementor-element elementor-element-042f2b0 elementor-position-top elementor-vertical-align-top elementor-invisible elementor-widget elementor-widget-image-box\" data-id=\"042f2b0\" data-element_type=\"widget\" data-settings=\"{&quot;_animation&quot;:&quot;fadeInLeft&quot;}\" data-widget_type=\"image-box.default\">\n\t\t\t\t<div class=\"elementor-widget-container\">\n\t\t\t<div class=\"elementor-image-box-wrapper\"><div class=\"elementor-image-box-content\"><h3 class=\"elementor-image-box-title\">Loca\u00e7\u00e3o<\/h3><p class=\"elementor-image-box-description\">As Torres de Resfriamento s\u00e3o utilizadas para o resfriamento de \u00e1gua industrial. Na grande maioria dos processos industriais, existe a necessidade de resfriamento de equipamentos e tamb\u00e9m de maquin\u00e1rios que geram grandes quantidades de calor durante o seu funcionamento.\nAs h\u00e9lices s\u00e3o instaladas na parte superior ou na lateral da torre, conforme o projeto.  Aspira o ar exterior, onde passa pelo enchimento, que ap\u00f3s o contato com a \u00e1gua, ocorre \u00e0 troca de calor. Resfriando assim a \u00e1gua, que por sua vez volta pelas tubula\u00e7\u00f5es at\u00e9 passar pelo maquin\u00e1rio outra vez.\n<\/p><\/div><\/div>\t\t<\/div>\n\t\t\t\t<\/div>\n\t\t\t\t\t\t<\/div>\n\t\t\t<\/div>\n\t\t<\/div>\n\t\t\t\t<div class=\"elementor-element elementor-element-d913b6e elementor-column elementor-col-33 elementor-top-column\" data-id=\"d913b6e\" data-element_type=\"column\">\n\t\t\t<div class=\"elementor-column-wrap  elementor-element-populated\">\n\t\t\t\t\t<div class=\"elementor-widget-wrap\">\n\t\t\t\t<div class=\"elementor-element elementor-element-b5c7782 elementor-widget elementor-widget-image\" data-id=\"b5c7782\" data-element_type=\"widget\" data-widget_type=\"image.default\">\n\t\t\t\t<div class=\"elementor-widget-container\">\n\t\t\t\t\t<div class=\"elementor-image\">\n\t\t\t\t\t\t\t\t\t\t<img width=\"424\" height=\"600\" src=\"https:\/\/wctowers.com.br\/wp-content\/uploads\/2019\/11\/loc2.jpg\" class=\"attachment-large size-large\" alt=\"\" loading=\"lazy\" srcset=\"https:\/\/wctowers.com.br\/wp-content\/uploads\/2019\/11\/loc2.jpg 424w, https:\/\/wctowers.com.br\/wp-content\/uploads\/2019\/11\/loc2-212x300.jpg 212w\" sizes=\"(max-width: 424px) 100vw, 424px\" \/>\t\t\t\t\t\t\t\t\t\t\t<\/div>\n\t\t\t\t<\/div>\n\t\t\t\t<\/div>\n\t\t\t\t\t\t<\/div>\n\t\t\t<\/div>\n\t\t<\/div>\n\t\t\t\t\t\t<\/div>\n\t\t\t<\/div>\n\t\t<\/section>\n\t\t\t\t<section class=\"elementor-element elementor-element-2a649cc elementor-section-stretched elementor-section-full_width elementor-section-height-min-height elementor-section-content-middle elementor-section-height-default elementor-section-items-middle elementor-section elementor-top-section\" data-id=\"2a649cc\" data-element_type=\"section\" data-settings=\"{&quot;stretch_section&quot;:&quot;section-stretched&quot;,&quot;background_background&quot;:&quot;classic&quot;}\">\n\t\t\t\t\t\t<div class=\"elementor-container elementor-column-gap-default\">\n\t\t\t\t<div class=\"elementor-row\">\n\t\t\t\t<div class=\"elementor-element elementor-element-dc2791e elementor-column elementor-col-50 elementor-top-column\" data-id=\"dc2791e\" data-element_type=\"column\">\n\t\t\t<div class=\"elementor-column-wrap  elementor-element-populated\">\n\t\t\t\t\t<div class=\"elementor-widget-wrap\">\n\t\t\t\t<div class=\"elementor-element elementor-element-90dcbce elementor-widget elementor-widget-heading\" data-id=\"90dcbce\" data-element_type=\"widget\" data-widget_type=\"heading.default\">\n\t\t\t\t<div class=\"elementor-widget-container\">\n\t\t\t<h2 class=\"elementor-heading-title elementor-size-default\">SAIBA ONDE ESTAMOS ATUANDO<\/h2>\t\t<\/div>\n\t\t\t\t<\/div>\n\t\t\t\t<div class=\"elementor-element elementor-element-a631e6a elementor-widget elementor-widget-divider\" data-id=\"a631e6a\" data-element_type=\"widget\" data-widget_type=\"divider.default\">\n\t\t\t\t<div class=\"elementor-widget-container\">\n\t\t\t\t\t<div class=\"elementor-divider\">\n\t\t\t<span class=\"elementor-divider-separator\">\n\t\t\t\t\t\t<\/span>\n\t\t<\/div>\n\t\t\t\t<\/div>\n\t\t\t\t<\/div>\n\t\t\t\t<div class=\"elementor-element elementor-element-a57c33a elementor-widget elementor-widget-image\" data-id=\"a57c33a\" data-element_type=\"widget\" data-widget_type=\"image.default\">\n\t\t\t\t<div class=\"elementor-widget-container\">\n\t\t\t\t\t<div class=\"elementor-image\">\n\t\t\t\t\t\t\t\t\t\t<img width=\"781\" height=\"359\" src=\"https:\/\/wctowers.com.br\/wp-content\/uploads\/2019\/11\/mapadobrasil.png\" class=\"attachment-large size-large\" alt=\"\" loading=\"lazy\" srcset=\"https:\/\/wctowers.com.br\/wp-content\/uploads\/2019\/11\/mapadobrasil.png 781w, https:\/\/wctowers.com.br\/wp-content\/uploads\/2019\/11\/mapadobrasil-600x276.png 600w, https:\/\/wctowers.com.br\/wp-content\/uploads\/2019\/11\/mapadobrasil-300x138.png 300w, https:\/\/wctowers.com.br\/wp-content\/uploads\/2019\/11\/mapadobrasil-768x353.png 768w\" sizes=\"(max-width: 781px) 100vw, 781px\" \/>\t\t\t\t\t\t\t\t\t\t\t<\/div>\n\t\t\t\t<\/div>\n\t\t\t\t<\/div>\n\t\t\t\t\t\t<\/div>\n\t\t\t<\/div>\n\t\t<\/div>\n\t\t\t\t<div class=\"elementor-element elementor-element-f2ff2da elementor-column elementor-col-50 elementor-top-column\" data-id=\"f2ff2da\" data-element_type=\"column\">\n\t\t\t<div class=\"elementor-column-wrap  elementor-element-populated\">\n\t\t\t\t\t<div class=\"elementor-widget-wrap\">\n\t\t\t\t<div class=\"elementor-element elementor-element-1ea1681 elementor-position-top elementor-vertical-align-top elementor-invisible elementor-widget elementor-widget-image-box\" data-id=\"1ea1681\" data-element_type=\"widget\" data-settings=\"{&quot;_animation&quot;:&quot;fadeInLeft&quot;}\" data-widget_type=\"image-box.default\">\n\t\t\t\t<div class=\"elementor-widget-container\">\n\t\t\t<div class=\"elementor-image-box-wrapper\"><div class=\"elementor-image-box-content\"><h3 class=\"elementor-image-box-title\">Locais<\/h3><p class=\"elementor-image-box-description\"><ul>\n <li>Ourinhos\n <li>Pitangueiras\n <li>Ol\u00edmpia\n <li>Leme\n <li>Morro Agudo-sp\n <li>Am\u00e9rico Brasiliense \n <li>Guariba \n <li>Ariranha\n <li>Colombia \u2013 sp\n <li>Jacare\u00ed\n<\/p><\/div><\/div>\t\t<\/div>\n\t\t\t\t<\/div>\n\t\t\t\t\t\t<\/div>\n\t\t\t<\/div>\n\t\t<\/div>\n\t\t\t\t\t\t<\/div>\n\t\t\t<\/div>\n\t\t<\/section>\n\t\t\t\t\t\t<\/div>\n\t\t\t<\/div>\n\t\t<\/div>\n\t\t","protected":false},"excerpt":{"rendered":"<p>Loca\u00e7\u00e3o As Torres de Resfriamento s\u00e3o utilizadas para o resfriamento de \u00e1gua industrial. Na grande maioria dos processos industriais, existe a necessidade de resfriamento de equipamentos e tamb\u00e9m de maquin\u00e1rios que geram grandes quantidades de calor durante o seu funcionamento. As h\u00e9lices s\u00e3o instaladas na parte superior ou na lateral da torre, conforme o projeto. [&hellip;]<\/p>\n","protected":false},"author":1,"featured_media":0,"parent":0,"menu_order":0,"comment_status":"closed","ping_status":"closed","template":"elementor_header_footer","meta":[],"_links":{"self":[{"href":"https:\/\/wctowers.com.br\/index.php\/wp-json\/wp\/v2\/pages\/275"}],"collection":[{"href":"https:\/\/wctowers.com.br\/index.php\/wp-json\/wp\/v2\/pages"}],"about":[{"href":"https:\/\/wctowers.com.br\/index.php\/wp-json\/wp\/v2\/types\/page"}],"author":[{"embeddable":true,"href":"https:\/\/wctowers.com.br\/index.php\/wp-json\/wp\/v2\/users\/1"}],"replies":[{"embeddable":true,"href":"https:\/\/wctowers.com.br\/index.php\/wp-json\/wp\/v2\/comments?post=275"}],"version-history":[{"count":15,"href":"https:\/\/wctowers.com.br\/index.php\/wp-json\/wp\/v2\/pages\/275\/revisions"}],"predecessor-version":[{"id":482,"href":"https:\/\/wctowers.com.br\/index.php\/wp-json\/wp\/v2\/pages\/275\/revisions\/482"}],"wp:attachment":[{"href":"https:\/\/wctowers.com.br\/index.php\/wp-json\/wp\/v2\/media?parent=275"}],"curies":[{"name":"wp","href":"https:\/\/api.w.org\/{rel}","templated":true}]}}