{"id":248,"date":"2019-11-26T13:07:22","date_gmt":"2019-11-26T16:07:22","guid":{"rendered":"https:\/\/www.wctowers.com.br?post_type=product&#038;p=248"},"modified":"2019-12-05T12:04:03","modified_gmt":"2019-12-05T15:04:03","slug":"eliminadores-de-gotas-rgn-35","status":"publish","type":"product","link":"https:\/\/wctowers.com.br\/index.php\/produto\/eliminadores-de-gotas-rgn-35\/","title":{"rendered":"Eliminadores de Gotas RGN-35"},"content":{"rendered":"","protected":false},"excerpt":{"rendered":"<p>Eliminador de Gota RGN-35, fabricado em PP (polipropileno), oferecendo excelente resist\u00eancia \u00e0 a\u00e7\u00e3o mec\u00e2nica, qu\u00edmica e t\u00e9rmica, modulado de acordo com a necessidade de aplica\u00e7\u00e3o do equipamento.<\/p>\n<p>Aplica\u00e7\u00e3o: Torres de Resfriamento, lavadores de gases, sistema diabaticos\u00a0 e evaporizadores.<\/p>\n","protected":false},"featured_media":475,"comment_status":"open","ping_status":"closed","template":"","meta":[],"_links":{"self":[{"href":"https:\/\/wctowers.com.br\/index.php\/wp-json\/wp\/v2\/product\/248"}],"collection":[{"href":"https:\/\/wctowers.com.br\/index.php\/wp-json\/wp\/v2\/product"}],"about":[{"href":"https:\/\/wctowers.com.br\/index.php\/wp-json\/wp\/v2\/types\/product"}],"replies":[{"embeddable":true,"href":"https:\/\/wctowers.com.br\/index.php\/wp-json\/wp\/v2\/comments?post=248"}],"wp:featuredmedia":[{"embeddable":true,"href":"https:\/\/wctowers.com.br\/index.php\/wp-json\/wp\/v2\/media\/475"}],"wp:attachment":[{"href":"https:\/\/wctowers.com.br\/index.php\/wp-json\/wp\/v2\/media?parent=248"}],"curies":[{"name":"wp","href":"https:\/\/api.w.org\/{rel}","templated":true}]}}