{"id":258,"date":"2019-11-26T13:11:05","date_gmt":"2019-11-26T16:11:05","guid":{"rendered":"https:\/\/www.wctowers.com.br?post_type=product&#038;p=258"},"modified":"2019-12-05T12:22:37","modified_gmt":"2019-12-05T15:22:37","slug":"canaletas-de-distribuicao-fabricada-em-prfv","status":"publish","type":"product","link":"https:\/\/wctowers.com.br\/index.php\/produto\/canaletas-de-distribuicao-fabricada-em-prfv\/","title":{"rendered":"Canaletas de distribui\u00e7\u00e3o, fabricada em PRFV"},"content":{"rendered":"","protected":false},"excerpt":{"rendered":"<p>Canaletas de distribui\u00e7\u00e3o, fabricada em PRFV (fibra de vidro), composto por diferentes tipos de resina de acordo com a temperatura aplicada, oferecendo excelente resist\u00eancia e s\u00e3o utilizadas no sistema de distribui\u00e7\u00e3o por gravidade.<\/p>\n","protected":false},"featured_media":479,"comment_status":"open","ping_status":"closed","template":"","meta":[],"_links":{"self":[{"href":"https:\/\/wctowers.com.br\/index.php\/wp-json\/wp\/v2\/product\/258"}],"collection":[{"href":"https:\/\/wctowers.com.br\/index.php\/wp-json\/wp\/v2\/product"}],"about":[{"href":"https:\/\/wctowers.com.br\/index.php\/wp-json\/wp\/v2\/types\/product"}],"replies":[{"embeddable":true,"href":"https:\/\/wctowers.com.br\/index.php\/wp-json\/wp\/v2\/comments?post=258"}],"wp:featuredmedia":[{"embeddable":true,"href":"https:\/\/wctowers.com.br\/index.php\/wp-json\/wp\/v2\/media\/479"}],"wp:attachment":[{"href":"https:\/\/wctowers.com.br\/index.php\/wp-json\/wp\/v2\/media?parent=258"}],"curies":[{"name":"wp","href":"https:\/\/api.w.org\/{rel}","templated":true}]}}