{"id":259,"date":"2019-11-26T13:11:58","date_gmt":"2019-11-26T16:11:58","guid":{"rendered":"https:\/\/www.wctowers.com.br?post_type=product&#038;p=259"},"modified":"2019-11-27T16:21:48","modified_gmt":"2019-11-27T19:21:48","slug":"tubos-pvcprfv","status":"publish","type":"product","link":"https:\/\/wctowers.com.br\/index.php\/produto\/tubos-pvcprfv\/","title":{"rendered":"Tubos PVCPRFV"},"content":{"rendered":"","protected":false},"excerpt":{"rendered":"<p>Tubos PVCPRFV, fabricada em PVC e revestido em PRFV (fibra de vidro), oferecendo excelente resist\u00eancia e s\u00e3o utilizadas no sistema de distribui\u00e7\u00e3o por press\u00e3o.<\/p>\n","protected":false},"featured_media":347,"comment_status":"open","ping_status":"closed","template":"","meta":[],"_links":{"self":[{"href":"https:\/\/wctowers.com.br\/index.php\/wp-json\/wp\/v2\/product\/259"}],"collection":[{"href":"https:\/\/wctowers.com.br\/index.php\/wp-json\/wp\/v2\/product"}],"about":[{"href":"https:\/\/wctowers.com.br\/index.php\/wp-json\/wp\/v2\/types\/product"}],"replies":[{"embeddable":true,"href":"https:\/\/wctowers.com.br\/index.php\/wp-json\/wp\/v2\/comments?post=259"}],"wp:featuredmedia":[{"embeddable":true,"href":"https:\/\/wctowers.com.br\/index.php\/wp-json\/wp\/v2\/media\/347"}],"wp:attachment":[{"href":"https:\/\/wctowers.com.br\/index.php\/wp-json\/wp\/v2\/media?parent=259"}],"curies":[{"name":"wp","href":"https:\/\/api.w.org\/{rel}","templated":true}]}}