{"id":260,"date":"2019-11-26T13:12:51","date_gmt":"2019-11-26T16:12:51","guid":{"rendered":"https:\/\/www.wctowers.com.br?post_type=product&#038;p=260"},"modified":"2019-12-05T11:54:22","modified_gmt":"2019-12-05T14:54:22","slug":"bico-de-distribuicao-bg-c","status":"publish","type":"product","link":"https:\/\/wctowers.com.br\/index.php\/produto\/bico-de-distribuicao-bg-c\/","title":{"rendered":"Bico de distribui\u00e7\u00e3o BG-C"},"content":{"rendered":"","protected":false},"excerpt":{"rendered":"<p>Bico de distribui\u00e7\u00e3o BG-C, fabricado em PP (polipropileno), oferecendo excelente efici\u00eancia, vaz\u00e3o ajust\u00e1vel.<\/p>\n<p>Aplica\u00e7\u00e3o: Torres de resfriamento de agua com sistema de distribui\u00e7\u00e3o por gravidade.<\/p>\n","protected":false},"featured_media":473,"comment_status":"open","ping_status":"closed","template":"","meta":[],"_links":{"self":[{"href":"https:\/\/wctowers.com.br\/index.php\/wp-json\/wp\/v2\/product\/260"}],"collection":[{"href":"https:\/\/wctowers.com.br\/index.php\/wp-json\/wp\/v2\/product"}],"about":[{"href":"https:\/\/wctowers.com.br\/index.php\/wp-json\/wp\/v2\/types\/product"}],"replies":[{"embeddable":true,"href":"https:\/\/wctowers.com.br\/index.php\/wp-json\/wp\/v2\/comments?post=260"}],"wp:featuredmedia":[{"embeddable":true,"href":"https:\/\/wctowers.com.br\/index.php\/wp-json\/wp\/v2\/media\/473"}],"wp:attachment":[{"href":"https:\/\/wctowers.com.br\/index.php\/wp-json\/wp\/v2\/media?parent=260"}],"curies":[{"name":"wp","href":"https:\/\/api.w.org\/{rel}","templated":true}]}}