{"id":261,"date":"2019-11-26T13:13:33","date_gmt":"2019-11-26T16:13:33","guid":{"rendered":"https:\/\/www.wctowers.com.br?post_type=product&#038;p=261"},"modified":"2019-12-05T11:57:38","modified_gmt":"2019-12-05T14:57:38","slug":"bico-de-distribuicao-bg-n","status":"publish","type":"product","link":"https:\/\/wctowers.com.br\/index.php\/produto\/bico-de-distribuicao-bg-n\/","title":{"rendered":"Bico de distribui\u00e7\u00e3o BG-N"},"content":{"rendered":"","protected":false},"excerpt":{"rendered":"<p>Bico de distribui\u00e7\u00e3o BG-N, fabricado em PP (polipropileno), oferecendo excelente efici\u00eancia com sua vaz\u00e3o ajust\u00e1vel no cone.<\/p>\n<p>Aplica\u00e7\u00e3o: Torres de resfriamento de agua com sistema de distribui\u00e7\u00e3o por gravidade \/ press\u00e3o.<\/p>\n","protected":false},"featured_media":474,"comment_status":"open","ping_status":"closed","template":"","meta":[],"_links":{"self":[{"href":"https:\/\/wctowers.com.br\/index.php\/wp-json\/wp\/v2\/product\/261"}],"collection":[{"href":"https:\/\/wctowers.com.br\/index.php\/wp-json\/wp\/v2\/product"}],"about":[{"href":"https:\/\/wctowers.com.br\/index.php\/wp-json\/wp\/v2\/types\/product"}],"replies":[{"embeddable":true,"href":"https:\/\/wctowers.com.br\/index.php\/wp-json\/wp\/v2\/comments?post=261"}],"wp:featuredmedia":[{"embeddable":true,"href":"https:\/\/wctowers.com.br\/index.php\/wp-json\/wp\/v2\/media\/474"}],"wp:attachment":[{"href":"https:\/\/wctowers.com.br\/index.php\/wp-json\/wp\/v2\/media?parent=261"}],"curies":[{"name":"wp","href":"https:\/\/api.w.org\/{rel}","templated":true}]}}