{"id":262,"date":"2019-11-26T13:14:40","date_gmt":"2019-11-26T16:14:40","guid":{"rendered":"https:\/\/www.wctowers.com.br?post_type=product&#038;p=262"},"modified":"2019-11-27T16:22:23","modified_gmt":"2019-11-27T19:22:23","slug":"bico-de-distribuicao-bp","status":"publish","type":"product","link":"https:\/\/wctowers.com.br\/index.php\/produto\/bico-de-distribuicao-bp\/","title":{"rendered":"Bico de distribui\u00e7\u00e3o BP"},"content":{"rendered":"","protected":false},"excerpt":{"rendered":"<p>Bico de distribui\u00e7\u00e3o BP, fabricado em PP (polipropileno), oferecendo excelente efici\u00eancia com sua vaz\u00e3o ajust\u00e1vel no cone.<\/p>\n<p>Aplica\u00e7\u00e3o: Torres de resfriamento de vinha\u00e7a e condensado com sistema de distribui\u00e7\u00e3o por press\u00e3o.<\/p>\n","protected":false},"featured_media":257,"comment_status":"open","ping_status":"closed","template":"","meta":[],"_links":{"self":[{"href":"https:\/\/wctowers.com.br\/index.php\/wp-json\/wp\/v2\/product\/262"}],"collection":[{"href":"https:\/\/wctowers.com.br\/index.php\/wp-json\/wp\/v2\/product"}],"about":[{"href":"https:\/\/wctowers.com.br\/index.php\/wp-json\/wp\/v2\/types\/product"}],"replies":[{"embeddable":true,"href":"https:\/\/wctowers.com.br\/index.php\/wp-json\/wp\/v2\/comments?post=262"}],"wp:featuredmedia":[{"embeddable":true,"href":"https:\/\/wctowers.com.br\/index.php\/wp-json\/wp\/v2\/media\/257"}],"wp:attachment":[{"href":"https:\/\/wctowers.com.br\/index.php\/wp-json\/wp\/v2\/media?parent=262"}],"curies":[{"name":"wp","href":"https:\/\/api.w.org\/{rel}","templated":true}]}}