{"id":263,"date":"2019-11-26T13:15:32","date_gmt":"2019-11-26T16:15:32","guid":{"rendered":"https:\/\/www.wctowers.com.br?post_type=product&#038;p=263"},"modified":"2019-11-26T13:15:32","modified_gmt":"2019-11-26T16:15:32","slug":"enchimento-de-bandeja-bce","status":"publish","type":"product","link":"https:\/\/wctowers.com.br\/index.php\/produto\/enchimento-de-bandeja-bce\/","title":{"rendered":"Enchimento de Bandeja BCE"},"content":{"rendered":"","protected":false},"excerpt":{"rendered":"<p>Enchimento de Bandeja BCE com alto desempenho e durabilidade, fabricado em PP (polipropileno), oferecendo excelente resist\u00eancia, modulado de acordo com a necessidade de aplica\u00e7\u00e3o do equipamento.<\/p>\n<p>Aplica\u00e7\u00e3o: Torres de resfriamento com \u00e1gua industrial com m\u00e1dia a alta concentra\u00e7\u00e3o de s\u00f3lidos.<\/p>\n","protected":false},"featured_media":253,"comment_status":"open","ping_status":"closed","template":"","meta":[],"_links":{"self":[{"href":"https:\/\/wctowers.com.br\/index.php\/wp-json\/wp\/v2\/product\/263"}],"collection":[{"href":"https:\/\/wctowers.com.br\/index.php\/wp-json\/wp\/v2\/product"}],"about":[{"href":"https:\/\/wctowers.com.br\/index.php\/wp-json\/wp\/v2\/types\/product"}],"replies":[{"embeddable":true,"href":"https:\/\/wctowers.com.br\/index.php\/wp-json\/wp\/v2\/comments?post=263"}],"wp:featuredmedia":[{"embeddable":true,"href":"https:\/\/wctowers.com.br\/index.php\/wp-json\/wp\/v2\/media\/253"}],"wp:attachment":[{"href":"https:\/\/wctowers.com.br\/index.php\/wp-json\/wp\/v2\/media?parent=263"}],"curies":[{"name":"wp","href":"https:\/\/api.w.org\/{rel}","templated":true}]}}