{"id":264,"date":"2019-11-26T13:17:20","date_gmt":"2019-11-26T16:17:20","guid":{"rendered":"https:\/\/www.wctowers.com.br?post_type=product&#038;p=264"},"modified":"2019-11-27T15:30:48","modified_gmt":"2019-11-27T18:30:48","slug":"enchimento-de-ripa-retangulares-e-triangulares","status":"publish","type":"product","link":"https:\/\/wctowers.com.br\/index.php\/produto\/enchimento-de-ripa-retangulares-e-triangulares\/","title":{"rendered":"Enchimento de Ripa Retangulares e Triangulares"},"content":{"rendered":"","protected":false},"excerpt":{"rendered":"<p>Enchimento de Ripa Retangulares e Triangulares com alta efici\u00eancia e durabilidade, fabricado em PVC (policloreto de vinil) ou PP (polipropileno), os perfis adequadamente espa\u00e7ados forma superf\u00edcies onde ocorre o respingamento sucessivo da \u00e1gua para melhor troca t\u00e9rmica, fabricado nos tamanhos de acordo com a necessidade de aplica\u00e7\u00e3o do equipamento.<\/p>\n<p>Aplica\u00e7\u00e3o: Torres de resfriamento com \u00e1gua industrial com m\u00e1dia a alta concentra\u00e7\u00e3o de s\u00f3lidos.<\/p>\n","protected":false},"featured_media":345,"comment_status":"open","ping_status":"closed","template":"","meta":[],"_links":{"self":[{"href":"https:\/\/wctowers.com.br\/index.php\/wp-json\/wp\/v2\/product\/264"}],"collection":[{"href":"https:\/\/wctowers.com.br\/index.php\/wp-json\/wp\/v2\/product"}],"about":[{"href":"https:\/\/wctowers.com.br\/index.php\/wp-json\/wp\/v2\/types\/product"}],"replies":[{"embeddable":true,"href":"https:\/\/wctowers.com.br\/index.php\/wp-json\/wp\/v2\/comments?post=264"}],"wp:featuredmedia":[{"embeddable":true,"href":"https:\/\/wctowers.com.br\/index.php\/wp-json\/wp\/v2\/media\/345"}],"wp:attachment":[{"href":"https:\/\/wctowers.com.br\/index.php\/wp-json\/wp\/v2\/media?parent=264"}],"curies":[{"name":"wp","href":"https:\/\/api.w.org\/{rel}","templated":true}]}}