{"id":265,"date":"2019-11-26T13:18:51","date_gmt":"2019-11-26T16:18:51","guid":{"rendered":"https:\/\/www.wctowers.com.br?post_type=product&#038;p=265"},"modified":"2019-12-05T12:29:36","modified_gmt":"2019-12-05T15:29:36","slug":"enchimento-de-grade-gt-400","status":"publish","type":"product","link":"https:\/\/wctowers.com.br\/index.php\/produto\/enchimento-de-grade-gt-400\/","title":{"rendered":"Enchimento de grade GT-400"},"content":{"rendered":"","protected":false},"excerpt":{"rendered":"<p>Enchimento de grade GT-400 com alto desempenho e durabilidade, fabricado em PP (polipropileno), oferecendo excelente resist\u00eancia, modulado de acordo com a necessidade de aplica\u00e7\u00e3o do equipamento.<\/p>\n<p>Aplica\u00e7\u00e3o: Torres de resfriamento com \u00e1gua industrial tratada ou com baixa concentra\u00e7\u00e3o de s\u00f3lidos.<\/p>\n","protected":false},"featured_media":480,"comment_status":"open","ping_status":"closed","template":"","meta":[],"_links":{"self":[{"href":"https:\/\/wctowers.com.br\/index.php\/wp-json\/wp\/v2\/product\/265"}],"collection":[{"href":"https:\/\/wctowers.com.br\/index.php\/wp-json\/wp\/v2\/product"}],"about":[{"href":"https:\/\/wctowers.com.br\/index.php\/wp-json\/wp\/v2\/types\/product"}],"replies":[{"embeddable":true,"href":"https:\/\/wctowers.com.br\/index.php\/wp-json\/wp\/v2\/comments?post=265"}],"wp:featuredmedia":[{"embeddable":true,"href":"https:\/\/wctowers.com.br\/index.php\/wp-json\/wp\/v2\/media\/480"}],"wp:attachment":[{"href":"https:\/\/wctowers.com.br\/index.php\/wp-json\/wp\/v2\/media?parent=265"}],"curies":[{"name":"wp","href":"https:\/\/api.w.org\/{rel}","templated":true}]}}