{"id":266,"date":"2019-11-26T13:19:29","date_gmt":"2019-11-26T16:19:29","guid":{"rendered":"https:\/\/www.wctowers.com.br?post_type=product&#038;p=266"},"modified":"2019-12-05T12:18:38","modified_gmt":"2019-12-05T15:18:38","slug":"enchimento-de-be-t","status":"publish","type":"product","link":"https:\/\/wctowers.com.br\/index.php\/produto\/enchimento-de-be-t\/","title":{"rendered":"Enchimento de BE-T"},"content":{"rendered":"","protected":false},"excerpt":{"rendered":"<p>Enchimento de BE-T com alta efici\u00eancia e durabilidade, fabricado em PP (polipropileno), oferecendo excelente resist\u00eancia, modulado de acordo com a necessidade de aplica\u00e7\u00e3o do equipamento.<\/p>\n<p>Aplica\u00e7\u00e3o: Torres de resfriamento de \u00e1gua industrial tratada ou com baixa concentra\u00e7\u00e3o de s\u00f3lidos.<\/p>\n","protected":false},"featured_media":478,"comment_status":"open","ping_status":"closed","template":"","meta":[],"_links":{"self":[{"href":"https:\/\/wctowers.com.br\/index.php\/wp-json\/wp\/v2\/product\/266"}],"collection":[{"href":"https:\/\/wctowers.com.br\/index.php\/wp-json\/wp\/v2\/product"}],"about":[{"href":"https:\/\/wctowers.com.br\/index.php\/wp-json\/wp\/v2\/types\/product"}],"replies":[{"embeddable":true,"href":"https:\/\/wctowers.com.br\/index.php\/wp-json\/wp\/v2\/comments?post=266"}],"wp:featuredmedia":[{"embeddable":true,"href":"https:\/\/wctowers.com.br\/index.php\/wp-json\/wp\/v2\/media\/478"}],"wp:attachment":[{"href":"https:\/\/wctowers.com.br\/index.php\/wp-json\/wp\/v2\/media?parent=266"}],"curies":[{"name":"wp","href":"https:\/\/api.w.org\/{rel}","templated":true}]}}