{"id":267,"date":"2019-11-26T13:21:00","date_gmt":"2019-11-26T16:21:00","guid":{"rendered":"https:\/\/www.wctowers.com.br?post_type=product&#038;p=267"},"modified":"2019-11-27T16:42:30","modified_gmt":"2019-11-27T19:42:30","slug":"tela-de-sustentacao-de-alta-resistencia","status":"publish","type":"product","link":"https:\/\/wctowers.com.br\/index.php\/produto\/tela-de-sustentacao-de-alta-resistencia\/","title":{"rendered":"Tela de Sustenta\u00e7\u00e3o de alta resist\u00eancia"},"content":{"rendered":"","protected":false},"excerpt":{"rendered":"<p>Tela de Sustenta\u00e7\u00e3o do enchimento de alta resist\u00eancia fabricada em fibra de vidro com cord\u00e3o cont\u00ednuo sem emendas.<\/p>\n<p>Aplica\u00e7\u00e3o: Torres de resfriamento com agua industrial com media a alta concentra\u00e7\u00e3o de s\u00f3lidos.<\/p>\n","protected":false},"featured_media":346,"comment_status":"open","ping_status":"closed","template":"","meta":[],"_links":{"self":[{"href":"https:\/\/wctowers.com.br\/index.php\/wp-json\/wp\/v2\/product\/267"}],"collection":[{"href":"https:\/\/wctowers.com.br\/index.php\/wp-json\/wp\/v2\/product"}],"about":[{"href":"https:\/\/wctowers.com.br\/index.php\/wp-json\/wp\/v2\/types\/product"}],"replies":[{"embeddable":true,"href":"https:\/\/wctowers.com.br\/index.php\/wp-json\/wp\/v2\/comments?post=267"}],"wp:featuredmedia":[{"embeddable":true,"href":"https:\/\/wctowers.com.br\/index.php\/wp-json\/wp\/v2\/media\/346"}],"wp:attachment":[{"href":"https:\/\/wctowers.com.br\/index.php\/wp-json\/wp\/v2\/media?parent=267"}],"curies":[{"name":"wp","href":"https:\/\/api.w.org\/{rel}","templated":true}]}}