{"id":268,"date":"2019-11-26T13:22:01","date_gmt":"2019-11-26T16:22:01","guid":{"rendered":"https:\/\/www.wctowers.com.br?post_type=product&#038;p=268"},"modified":"2019-12-05T12:15:57","modified_gmt":"2019-12-05T15:15:57","slug":"estruturais-em-pultrudado","status":"publish","type":"product","link":"https:\/\/wctowers.com.br\/index.php\/produto\/estruturais-em-pultrudado\/","title":{"rendered":"Estruturais em Pultrudado"},"content":{"rendered":"<p>Pultrus\u00e3o \u00e9 um processo de moldagem cont\u00ednua no qual fibras de vidro, sob forma de rovig, manta ou tecido, s\u00e3o puxadas atrav\u00e9s de uma matriz de a\u00e7o aquecida, passando antes por um banho de resinas ortofit\u00e1licas, isoft\u00e1licas ou ester-vin\u00edlicas, em que s\u00e3o quebradas.<\/p>\n<p>Alta resist\u00eancia qu\u00edmica e mec\u00e2nica;<br \/>\nImune a corros\u00e3o;<br \/>\nBaixo peso espec\u00edfico;<br \/>\nIsolamento el\u00e9trico;<br \/>\nImperme\u00e1vel;<br \/>\nAceito pela NR-12 e NR-18.<\/p>\n<p>Aplica\u00e7\u00f5es:<br \/>\nTorres de resfriamento de \u00e1gua;<br \/>\nSistemas estruturais;<br \/>\nGuarda-copos;<br \/>\nPassarelas e plataformas de descanso;<br \/>\nEscadas inclinadas;<br \/>\nEscadas marinheiro;<\/p>\n","protected":false},"excerpt":{"rendered":"<p>S\u00e3o pe\u00e7as fabricadas em (fibra) no sistema de pultrus\u00e3o, moduladas em v\u00e1rios modelos (perfis, tubos, vigas, etc), de alta resist\u00eancia qu\u00edmica, mec\u00e2nica e a corros\u00e3o, podendo ser aplicadas em estruturais internos, escadas, passarelas, etc.<\/p>\n","protected":false},"featured_media":477,"comment_status":"open","ping_status":"closed","template":"","meta":[],"_links":{"self":[{"href":"https:\/\/wctowers.com.br\/index.php\/wp-json\/wp\/v2\/product\/268"}],"collection":[{"href":"https:\/\/wctowers.com.br\/index.php\/wp-json\/wp\/v2\/product"}],"about":[{"href":"https:\/\/wctowers.com.br\/index.php\/wp-json\/wp\/v2\/types\/product"}],"replies":[{"embeddable":true,"href":"https:\/\/wctowers.com.br\/index.php\/wp-json\/wp\/v2\/comments?post=268"}],"wp:featuredmedia":[{"embeddable":true,"href":"https:\/\/wctowers.com.br\/index.php\/wp-json\/wp\/v2\/media\/477"}],"wp:attachment":[{"href":"https:\/\/wctowers.com.br\/index.php\/wp-json\/wp\/v2\/media?parent=268"}],"curies":[{"name":"wp","href":"https:\/\/api.w.org\/{rel}","templated":true}]}}