{"id":372,"date":"2019-11-27T16:29:02","date_gmt":"2019-11-27T19:29:02","guid":{"rendered":"https:\/\/www.wctowers.com.br?post_type=product&#038;p=372"},"modified":"2019-12-05T12:11:17","modified_gmt":"2019-12-05T15:11:17","slug":"helices","status":"publish","type":"product","link":"https:\/\/wctowers.com.br\/index.php\/produto\/helices\/","title":{"rendered":"H\u00e9lices"},"content":{"rendered":"","protected":false},"excerpt":{"rendered":"<p>H\u00e9lices axiais com dimens\u00f5es e modelos modulados de acordo com o projeto a ser aplicado, fabricado em PRFV e acabamento com gelcoat.<\/p>\n","protected":false},"featured_media":476,"comment_status":"open","ping_status":"closed","template":"","meta":[],"_links":{"self":[{"href":"https:\/\/wctowers.com.br\/index.php\/wp-json\/wp\/v2\/product\/372"}],"collection":[{"href":"https:\/\/wctowers.com.br\/index.php\/wp-json\/wp\/v2\/product"}],"about":[{"href":"https:\/\/wctowers.com.br\/index.php\/wp-json\/wp\/v2\/types\/product"}],"replies":[{"embeddable":true,"href":"https:\/\/wctowers.com.br\/index.php\/wp-json\/wp\/v2\/comments?post=372"}],"wp:featuredmedia":[{"embeddable":true,"href":"https:\/\/wctowers.com.br\/index.php\/wp-json\/wp\/v2\/media\/476"}],"wp:attachment":[{"href":"https:\/\/wctowers.com.br\/index.php\/wp-json\/wp\/v2\/media?parent=372"}],"curies":[{"name":"wp","href":"https:\/\/api.w.org\/{rel}","templated":true}]}}