{"id":374,"date":"2019-11-27T16:38:20","date_gmt":"2019-11-27T19:38:20","guid":{"rendered":"https:\/\/www.wctowers.com.br?post_type=product&#038;p=374"},"modified":"2019-12-05T12:09:18","modified_gmt":"2019-12-05T15:09:18","slug":"cubos","status":"publish","type":"product","link":"https:\/\/wctowers.com.br\/index.php\/produto\/cubos\/","title":{"rendered":"Cubos"},"content":{"rendered":"","protected":false},"excerpt":{"rendered":"<p>Dimens\u00f5es e modelos diversos distinguindo sua aplica\u00e7\u00e3o, visando sempre melhor efici\u00eancia, maior desempenho e com maior custo benef\u00edcio. Fabricado em a\u00e7o carbono revestido com camada protetiva de tinta alcatr\u00e3o ou op\u00e7\u00e3o em inox 304.<\/p>\n","protected":false},"featured_media":375,"comment_status":"open","ping_status":"closed","template":"","meta":[],"_links":{"self":[{"href":"https:\/\/wctowers.com.br\/index.php\/wp-json\/wp\/v2\/product\/374"}],"collection":[{"href":"https:\/\/wctowers.com.br\/index.php\/wp-json\/wp\/v2\/product"}],"about":[{"href":"https:\/\/wctowers.com.br\/index.php\/wp-json\/wp\/v2\/types\/product"}],"replies":[{"embeddable":true,"href":"https:\/\/wctowers.com.br\/index.php\/wp-json\/wp\/v2\/comments?post=374"}],"wp:featuredmedia":[{"embeddable":true,"href":"https:\/\/wctowers.com.br\/index.php\/wp-json\/wp\/v2\/media\/375"}],"wp:attachment":[{"href":"https:\/\/wctowers.com.br\/index.php\/wp-json\/wp\/v2\/media?parent=374"}],"curies":[{"name":"wp","href":"https:\/\/api.w.org\/{rel}","templated":true}]}}